{"id":739,"date":"2026-03-24T07:26:50","date_gmt":"2026-03-24T07:26:50","guid":{"rendered":"https:\/\/tandem-finanzberatung.de\/?page_id=739"},"modified":"2026-03-25T08:26:42","modified_gmt":"2026-03-25T08:26:42","slug":"vorsorge-fuer-die-ganze-familie","status":"publish","type":"page","link":"https:\/\/tandem-finanzberatung.de\/?page_id=739","title":{"rendered":"Vorsorge f\u00fcr die ganze Familie"},"content":{"rendered":"<p><strong><em>Was ist, wenn Sie nicht mehr selbst entscheiden k\u00f6nnen?<\/em><\/strong><img loading=\"lazy\" decoding=\"async\" src=\"http:\/\/tandem-finanzberatung.de\/wp-content\/uploads\/2026\/03\/IGB-Siegel-Generationenberater-287x300.png\" alt=\"\" width=\"287\" height=\"300\" class=\"size-medium wp-image-744 alignright\" srcset=\"https:\/\/tandem-finanzberatung.de\/wp-content\/uploads\/2026\/03\/IGB-Siegel-Generationenberater-287x300.png 287w, https:\/\/tandem-finanzberatung.de\/wp-content\/uploads\/2026\/03\/IGB-Siegel-Generationenberater-768x802.png 768w, https:\/\/tandem-finanzberatung.de\/wp-content\/uploads\/2026\/03\/IGB-Siegel-Generationenberater.png 800w\" sizes=\"auto, (max-width: 287px) 100vw, 287px\" \/><br \/>\nOhne eine Vorsorgevollmacht setzt das Gericht einen Betreuer ein.<br \/>\nDieser trifft f\u00fcr Sie mit Absprache vom Gericht alle Entscheidungen.<\/p>\n<p>Ohne\u00a0 Patientenverf\u00fcgung wissen \u00c4rzte und Angeh\u00f6rige nicht, welche medizinischen Ma\u00dfnahmen Sie w\u00fcnschen.<br \/>\nEine Patientenverf\u00fcgung gibt klare Orientierung, sch\u00fctzt Ihre Selbstbestimmung und nimmt Angeh\u00f6rigen die belastende Entscheidung ab.<\/p>\n<p><em><strong>Was geschieht nach dem Tod mit meinem Erbe?\u00a0 Z\u00e4hlt mein eigener Wille?<\/strong><\/em><\/p>\n<p>Ohne Testament greift die gesetzliche Erbfolge. Stimmt das mit Ihrem eigenen Willen \u00fcberein?<br \/>\nNur mit einem Testament kann ich meinen letzten Willen durchsetzen, Streit und Konflikte innerhalb der Familie vermeiden.<\/p>\n<p><em><strong>Wer fr\u00fchzeitig vorsorgt, entlastet seine Angeh\u00f6rigen und schafft Klarheit in schwierigen Situationen.<\/strong><\/em><br \/>\nEin Gespr\u00e4ch und die richtige Gestaltung dieser Dokumente k\u00f6nnen viel Sicherheit geben.<\/p>\n<p>Im Rahmen der Generationenberatung begleite ich Sie strukturiert durch alle wichtigen Fragen der rechtlichen Vorsorge. Dabei f\u00fchre ich Sie Schritt f\u00fcr Schritt durch die Themen Vorsorgevollmacht, Patientenverf\u00fcgung und Testament und entwickle gemeinsam mit Ihnen und den spezialisierten Fachanw\u00e4lten f\u00fcr Erbrecht aus dem Netzwerk des <a href=\"https:\/\/igb-vorsorge.de\/\">Institut\u00a0GenerationenBeratung<\/a>\u00a0 eine passende Vorsorgestrategie f\u00fcr Sie und Ihre Familie.<\/p>\n<div style=\"width: 750px;\" class=\"wp-video\"><video class=\"wp-video-shortcode\" id=\"video-739-1\" width=\"750\" height=\"422\" preload=\"metadata\" controls=\"controls\"><source type=\"video\/mp4\" src=\"http:\/\/tandem-finanzberatung.de\/wp-content\/uploads\/2026\/03\/IGB_Film_2024-2.mp4?_=1\" \/><a href=\"http:\/\/tandem-finanzberatung.de\/wp-content\/uploads\/2026\/03\/IGB_Film_2024-2.mp4\">http:\/\/tandem-finanzberatung.de\/wp-content\/uploads\/2026\/03\/IGB_Film_2024-2.mp4<\/a><\/video><\/div>\n<p>&nbsp;<\/p>\n","protected":false},"excerpt":{"rendered":"<p>Was ist, wenn Sie nicht mehr selbst entscheiden k\u00f6nnen? Ohne eine Vorsorgevollmacht setzt das Gericht einen Betreuer ein. Dieser trifft f\u00fcr Sie mit Absprache vom Gericht alle Entscheidungen. Ohne\u00a0 Patientenverf\u00fcgung wissen \u00c4rzte und Angeh\u00f6rige nicht, welche medizinischen Ma\u00dfnahmen Sie w\u00fcnschen. Eine Patientenverf\u00fcgung gibt klare Orientierung, sch\u00fctzt Ihre Selbstbestimmung und nimmt [&hellip;]<\/p>\n","protected":false},"author":1,"featured_media":0,"parent":0,"menu_order":0,"comment_status":"closed","ping_status":"closed","template":"","meta":{"footnotes":""},"class_list":["post-739","page","type-page","status-publish","hentry"],"_links":{"self":[{"href":"https:\/\/tandem-finanzberatung.de\/index.php?rest_route=\/wp\/v2\/pages\/739","targetHints":{"allow":["GET"]}}],"collection":[{"href":"https:\/\/tandem-finanzberatung.de\/index.php?rest_route=\/wp\/v2\/pages"}],"about":[{"href":"https:\/\/tandem-finanzberatung.de\/index.php?rest_route=\/wp\/v2\/types\/page"}],"author":[{"embeddable":true,"href":"https:\/\/tandem-finanzberatung.de\/index.php?rest_route=\/wp\/v2\/users\/1"}],"replies":[{"embeddable":true,"href":"https:\/\/tandem-finanzberatung.de\/index.php?rest_route=%2Fwp%2Fv2%2Fcomments&post=739"}],"version-history":[{"count":7,"href":"https:\/\/tandem-finanzberatung.de\/index.php?rest_route=\/wp\/v2\/pages\/739\/revisions"}],"predecessor-version":[{"id":759,"href":"https:\/\/tandem-finanzberatung.de\/index.php?rest_route=\/wp\/v2\/pages\/739\/revisions\/759"}],"wp:attachment":[{"href":"https:\/\/tandem-finanzberatung.de\/index.php?rest_route=%2Fwp%2Fv2%2Fmedia&parent=739"}],"curies":[{"name":"wp","href":"https:\/\/api.w.org\/{rel}","templated":true}]}}