{"id":694,"date":"2023-09-17T16:23:50","date_gmt":"2023-09-17T16:23:50","guid":{"rendered":"https:\/\/tandem-finanzberatung.de\/?page_id=694"},"modified":"2023-09-17T16:25:08","modified_gmt":"2023-09-17T16:25:08","slug":"rentenversicherung","status":"publish","type":"page","link":"https:\/\/tandem-finanzberatung.de\/?page_id=694","title":{"rendered":"Rentenversicherung"},"content":{"rendered":"<p><em><strong>Lebenslange Ausgaben, erfordern lebenslange Einnahmen!<\/strong><\/em><\/p>\n<p>Mit einer privaten Rentenversicherung k\u00f6nnen Sie das Risiko der Langlebigkeit absichern. Denn die Rente aus der gesetzlichen Rentenversicherung reicht allein nicht aus, um Ihren Lebensstandard im Ruhestand halten zu k\u00f6nnen.<\/p>\n<p>Verschiedene M\u00f6glichkeiten einer Rentenversicherung sind :<\/p>\n<ul>\n<li>staatlich gef\u00f6rderte Vorsorgemodelle (Riester\/ Basis-\/R\u00fcrup- Rente, betriebliche Altersvorsorge)<\/li>\n<li>private Rentenversicherungen<\/li>\n<\/ul>\n<p><img loading=\"lazy\" decoding=\"async\" src=\"http:\/\/tandem-finanzberatung.de\/wp-content\/uploads\/2023\/09\/old-4014029_1280-300x194.jpg\" alt=\"\" width=\"300\" height=\"194\" class=\"alignnone size-medium wp-image-695\" srcset=\"https:\/\/tandem-finanzberatung.de\/wp-content\/uploads\/2023\/09\/old-4014029_1280-300x194.jpg 300w, https:\/\/tandem-finanzberatung.de\/wp-content\/uploads\/2023\/09\/old-4014029_1280-1024x662.jpg 1024w, https:\/\/tandem-finanzberatung.de\/wp-content\/uploads\/2023\/09\/old-4014029_1280-768x496.jpg 768w, https:\/\/tandem-finanzberatung.de\/wp-content\/uploads\/2023\/09\/old-4014029_1280.jpg 1280w\" sizes=\"auto, (max-width: 300px) 100vw, 300px\" \/><\/p>\n<p>&nbsp;<\/p>\n","protected":false},"excerpt":{"rendered":"<p>Lebenslange Ausgaben, erfordern lebenslange Einnahmen! Mit einer privaten Rentenversicherung k\u00f6nnen Sie das Risiko der Langlebigkeit absichern. Denn die Rente aus der gesetzlichen Rentenversicherung reicht allein nicht aus, um Ihren Lebensstandard im Ruhestand halten zu k\u00f6nnen. Verschiedene M\u00f6glichkeiten einer Rentenversicherung sind : staatlich gef\u00f6rderte Vorsorgemodelle (Riester\/ Basis-\/R\u00fcrup- Rente, betriebliche Altersvorsorge) private [&hellip;]<\/p>\n","protected":false},"author":1,"featured_media":0,"parent":47,"menu_order":1,"comment_status":"closed","ping_status":"closed","template":"","meta":{"footnotes":""},"class_list":["post-694","page","type-page","status-publish","hentry"],"_links":{"self":[{"href":"https:\/\/tandem-finanzberatung.de\/index.php?rest_route=\/wp\/v2\/pages\/694","targetHints":{"allow":["GET"]}}],"collection":[{"href":"https:\/\/tandem-finanzberatung.de\/index.php?rest_route=\/wp\/v2\/pages"}],"about":[{"href":"https:\/\/tandem-finanzberatung.de\/index.php?rest_route=\/wp\/v2\/types\/page"}],"author":[{"embeddable":true,"href":"https:\/\/tandem-finanzberatung.de\/index.php?rest_route=\/wp\/v2\/users\/1"}],"replies":[{"embeddable":true,"href":"https:\/\/tandem-finanzberatung.de\/index.php?rest_route=%2Fwp%2Fv2%2Fcomments&post=694"}],"version-history":[{"count":1,"href":"https:\/\/tandem-finanzberatung.de\/index.php?rest_route=\/wp\/v2\/pages\/694\/revisions"}],"predecessor-version":[{"id":696,"href":"https:\/\/tandem-finanzberatung.de\/index.php?rest_route=\/wp\/v2\/pages\/694\/revisions\/696"}],"up":[{"embeddable":true,"href":"https:\/\/tandem-finanzberatung.de\/index.php?rest_route=\/wp\/v2\/pages\/47"}],"wp:attachment":[{"href":"https:\/\/tandem-finanzberatung.de\/index.php?rest_route=%2Fwp%2Fv2%2Fmedia&parent=694"}],"curies":[{"name":"wp","href":"https:\/\/api.w.org\/{rel}","templated":true}]}}