{"id":608,"date":"2021-07-19T17:16:39","date_gmt":"2021-07-19T17:16:39","guid":{"rendered":"https:\/\/tandem-finanzberatung.de\/?page_id=608"},"modified":"2021-07-19T17:17:38","modified_gmt":"2021-07-19T17:17:38","slug":"kredite","status":"publish","type":"page","link":"https:\/\/tandem-finanzberatung.de\/?page_id=608","title":{"rendered":"Kredite"},"content":{"rendered":"<h1>Immobilien<\/h1>\n<p>Ihnen sagt das Angebot Ihrer Hausbank zur Finanzierung Ihrer Immobilie zum Eigennutz oder als Kapitalanlage nicht zu? Sie zahlen f\u00fcr ein bestehendes Darlehen zu hohe Zinsen?<\/p>\n<p>Dank der Zusammenarbeit mit einer professionellen Plattform f\u00fcr Kredite, kann ich f\u00fcr Sie die g\u00fcnstigsten Konditionen f\u00fcr die Erstfinanzierung oder einer Umschuldung ermitteln.<br \/>\nIch bin nur Ihnen gegen\u00fcber verpflichtet, nicht einer Bank und somit garantiert unabh\u00e4ngig.<\/p>\n<p><img loading=\"lazy\" decoding=\"async\" src=\"http:\/\/tandem-finanzberatung.de\/wp-content\/uploads\/2021\/07\/money-2724248_640-300x177.jpg\" alt=\"\" width=\"300\" height=\"177\" class=\"alignnone size-medium wp-image-632\" srcset=\"https:\/\/tandem-finanzberatung.de\/wp-content\/uploads\/2021\/07\/money-2724248_640-300x177.jpg 300w, https:\/\/tandem-finanzberatung.de\/wp-content\/uploads\/2021\/07\/money-2724248_640.jpg 640w\" sizes=\"auto, (max-width: 300px) 100vw, 300px\" \/>\u00a0 \u00a0 \u00a0 \u00a0 \u00a0 <img loading=\"lazy\" decoding=\"async\" src=\"http:\/\/tandem-finanzberatung.de\/wp-content\/uploads\/2021\/07\/financing-3536755_640-300x200.jpg\" alt=\"\" width=\"265\" height=\"176\" class=\"alignnone wp-image-633\" srcset=\"https:\/\/tandem-finanzberatung.de\/wp-content\/uploads\/2021\/07\/financing-3536755_640-300x200.jpg 300w, https:\/\/tandem-finanzberatung.de\/wp-content\/uploads\/2021\/07\/financing-3536755_640-360x240.jpg 360w, https:\/\/tandem-finanzberatung.de\/wp-content\/uploads\/2021\/07\/financing-3536755_640.jpg 640w\" sizes=\"auto, (max-width: 265px) 100vw, 265px\" \/><\/p>\n<p>&nbsp;<\/p>\n<h1>Sofortkredite<\/h1>\n<p>Auch bei kleineren Kreditw\u00fcnschen\u00a0 wie z.B. f\u00fcr Renovierungen, Urlaub oder andere Vorhaben, wo das n\u00f6tige Geld nicht zur Verf\u00fcgung steht, kann ich Ihnen bei der unkomplizierten Vermittlung eines Ratenkredites gerne behilflich sein.<\/p>\n<p><img loading=\"lazy\" decoding=\"async\" src=\"http:\/\/tandem-finanzberatung.de\/wp-content\/uploads\/2021\/06\/fantasy-3502188_1920-300x186.jpg\" alt=\"\" width=\"310\" height=\"192\" class=\"alignnone wp-image-609\" srcset=\"https:\/\/tandem-finanzberatung.de\/wp-content\/uploads\/2021\/06\/fantasy-3502188_1920-300x186.jpg 300w, https:\/\/tandem-finanzberatung.de\/wp-content\/uploads\/2021\/06\/fantasy-3502188_1920-1024x634.jpg 1024w, https:\/\/tandem-finanzberatung.de\/wp-content\/uploads\/2021\/06\/fantasy-3502188_1920-768x476.jpg 768w, https:\/\/tandem-finanzberatung.de\/wp-content\/uploads\/2021\/06\/fantasy-3502188_1920-1536x951.jpg 1536w, https:\/\/tandem-finanzberatung.de\/wp-content\/uploads\/2021\/06\/fantasy-3502188_1920.jpg 1920w\" sizes=\"auto, (max-width: 310px) 100vw, 310px\" \/>\u00a0 \u00a0\u00a0 \u00a0 <img loading=\"lazy\" decoding=\"async\" src=\"http:\/\/tandem-finanzberatung.de\/wp-content\/uploads\/2021\/06\/brush-1034903_1920-300x200.jpg\" alt=\"\" width=\"290\" height=\"192\" class=\"alignnone wp-image-610\" srcset=\"https:\/\/tandem-finanzberatung.de\/wp-content\/uploads\/2021\/06\/brush-1034903_1920-300x200.jpg 300w, https:\/\/tandem-finanzberatung.de\/wp-content\/uploads\/2021\/06\/brush-1034903_1920-1024x683.jpg 1024w, https:\/\/tandem-finanzberatung.de\/wp-content\/uploads\/2021\/06\/brush-1034903_1920-768x512.jpg 768w, https:\/\/tandem-finanzberatung.de\/wp-content\/uploads\/2021\/06\/brush-1034903_1920-1536x1024.jpg 1536w, https:\/\/tandem-finanzberatung.de\/wp-content\/uploads\/2021\/06\/brush-1034903_1920-360x240.jpg 360w, https:\/\/tandem-finanzberatung.de\/wp-content\/uploads\/2021\/06\/brush-1034903_1920.jpg 1920w\" sizes=\"auto, (max-width: 290px) 100vw, 290px\" \/><\/p>\n","protected":false},"excerpt":{"rendered":"<p>Immobilien Ihnen sagt das Angebot Ihrer Hausbank zur Finanzierung Ihrer Immobilie zum Eigennutz oder als Kapitalanlage nicht zu? Sie zahlen f\u00fcr ein bestehendes Darlehen zu hohe Zinsen? Dank der Zusammenarbeit mit einer professionellen Plattform f\u00fcr Kredite, kann ich f\u00fcr Sie die g\u00fcnstigsten Konditionen f\u00fcr die Erstfinanzierung oder einer Umschuldung ermitteln. [&hellip;]<\/p>\n","protected":false},"author":1,"featured_media":0,"parent":0,"menu_order":0,"comment_status":"closed","ping_status":"closed","template":"","meta":{"footnotes":""},"class_list":["post-608","page","type-page","status-publish","hentry"],"_links":{"self":[{"href":"https:\/\/tandem-finanzberatung.de\/index.php?rest_route=\/wp\/v2\/pages\/608","targetHints":{"allow":["GET"]}}],"collection":[{"href":"https:\/\/tandem-finanzberatung.de\/index.php?rest_route=\/wp\/v2\/pages"}],"about":[{"href":"https:\/\/tandem-finanzberatung.de\/index.php?rest_route=\/wp\/v2\/types\/page"}],"author":[{"embeddable":true,"href":"https:\/\/tandem-finanzberatung.de\/index.php?rest_route=\/wp\/v2\/users\/1"}],"replies":[{"embeddable":true,"href":"https:\/\/tandem-finanzberatung.de\/index.php?rest_route=%2Fwp%2Fv2%2Fcomments&post=608"}],"version-history":[{"count":4,"href":"https:\/\/tandem-finanzberatung.de\/index.php?rest_route=\/wp\/v2\/pages\/608\/revisions"}],"predecessor-version":[{"id":636,"href":"https:\/\/tandem-finanzberatung.de\/index.php?rest_route=\/wp\/v2\/pages\/608\/revisions\/636"}],"wp:attachment":[{"href":"https:\/\/tandem-finanzberatung.de\/index.php?rest_route=%2Fwp%2Fv2%2Fmedia&parent=608"}],"curies":[{"name":"wp","href":"https:\/\/api.w.org\/{rel}","templated":true}]}}