{"id":47,"date":"2020-04-13T12:24:39","date_gmt":"2020-04-13T12:24:39","guid":{"rendered":"http:\/\/tandem-finanzberatung.de\/?page_id=47"},"modified":"2020-04-23T20:09:24","modified_gmt":"2020-04-23T20:09:24","slug":"versicherungen","status":"publish","type":"page","link":"https:\/\/tandem-finanzberatung.de\/?page_id=47","title":{"rendered":"Versicherungen"},"content":{"rendered":"\r\n<p><strong>Welche Versicherungen m\u00fcssen Sie haben<\/strong><\/p>\r\n\r\n\r\n\r\n<ul class=\"wp-block-list\">\r\n<li><a href=\"http:\/\/tandem-finanzberatung.de\/?page_id=375\">gesetzliche oder private Krankenversicherung<\/a><\/li>\r\n<li><a href=\"http:\/\/tandem-finanzberatung.de\/?page_id=378\">Kfz-Haftpflichtversicherung als Fahrzeughalter<\/a><\/li>\r\n<\/ul>\r\n\r\n\r\n\r\n<p><strong>wichtige Risikoversicherungen<\/strong><\/p>\r\n\r\n\r\n\r\n<ul class=\"wp-block-list\">\r\n<li><span id=\"su_tooltip_69e1c2454913c_button\" class=\"su-tooltip-button su-tooltip-button-outline-yes\" aria-describedby=\"su_tooltip_69e1c2454913c\" data-settings='{\"position\":\"top\",\"behavior\":\"hover\",\"hideDelay\":0}' tabindex=\"0\"><a href=\"http:\/\/tandem-finanzberatung.de\/?page_id=363\">Haftpflichtversicherungen<\/a><\/span><span style=\"display:none;z-index:100\" id=\"su_tooltip_69e1c2454913c\" class=\"su-tooltip\" role=\"tooltip\"><span class=\"su-tooltip-inner su-tooltip-shadow-yes\" style=\"z-index:100;background:#FFFFFF;color:#454545;font-size:16px;border-radius:5px;text-align:left;max-width:300px;line-height:1.25\"><span class=\"su-tooltip-title\"><\/span><span class=\"su-tooltip-content su-u-trim\">\r\n<p>&nbsp;<\/p>\r\n<ul>\r\n<li>private Haftpflichtversicherung als Privatperson<\/li>\r\n<li>Berufs-&amp; Betriebshaftpflichtversicherung als Selbstst\u00e4ndige<\/li>\r\n<li>Bauherrenhaftpflichtversicherung<\/li>\r\n<li>Haus-&amp; Grundbesitzhaftpflichtversicherung<\/li>\r\n<li>Gew\u00e4sserschadenhaftpflichtversicherung als \u00d6ltankbesitzerin<\/li>\r\n<li>Tierhalterhaftpflichtversicherung als Tierhalterin von Hund\/Pferd<\/span><\/span><span id=\"su_tooltip_69e1c2454913c_arrow\" class=\"su-tooltip-arrow\" style=\"z-index:100;background:#FFFFFF\" data-popper-arrow><\/span><\/span><\/li>\r\n<li><a href=\"http:\/\/tandem-finanzberatung.de\/?page_id=366\">Wohngeb\u00e4udeversicherung als Hauseigent\u00fcmer<\/a><\/li>\r\n<li><a href=\"http:\/\/tandem-finanzberatung.de\/?page_id=371\">Berufsunf\u00e4higkeitsversicherung (BU)<\/a><\/li>\r\n<li><a href=\"http:\/\/tandem-finanzberatung.de\/?page_id=338\">Hausratversicherung<\/a><\/li>\r\n<\/ul>\r\n<\/li>\r\n<\/ul>","protected":false},"excerpt":{"rendered":"<p>Welche Versicherungen m\u00fcssen Sie haben gesetzliche oder private Krankenversicherung Kfz-Haftpflichtversicherung als Fahrzeughalter wichtige Risikoversicherungen Wohngeb\u00e4udeversicherung als Hauseigent\u00fcmer Berufsunf\u00e4higkeitsversicherung (BU) Hausratversicherung<\/p>\n","protected":false},"author":1,"featured_media":0,"parent":2,"menu_order":4,"comment_status":"closed","ping_status":"closed","template":"","meta":{"footnotes":""},"class_list":["post-47","page","type-page","status-publish","hentry"],"_links":{"self":[{"href":"https:\/\/tandem-finanzberatung.de\/index.php?rest_route=\/wp\/v2\/pages\/47","targetHints":{"allow":["GET"]}}],"collection":[{"href":"https:\/\/tandem-finanzberatung.de\/index.php?rest_route=\/wp\/v2\/pages"}],"about":[{"href":"https:\/\/tandem-finanzberatung.de\/index.php?rest_route=\/wp\/v2\/types\/page"}],"author":[{"embeddable":true,"href":"https:\/\/tandem-finanzberatung.de\/index.php?rest_route=\/wp\/v2\/users\/1"}],"replies":[{"embeddable":true,"href":"https:\/\/tandem-finanzberatung.de\/index.php?rest_route=%2Fwp%2Fv2%2Fcomments&post=47"}],"version-history":[{"count":23,"href":"https:\/\/tandem-finanzberatung.de\/index.php?rest_route=\/wp\/v2\/pages\/47\/revisions"}],"predecessor-version":[{"id":462,"href":"https:\/\/tandem-finanzberatung.de\/index.php?rest_route=\/wp\/v2\/pages\/47\/revisions\/462"}],"up":[{"embeddable":true,"href":"https:\/\/tandem-finanzberatung.de\/index.php?rest_route=\/wp\/v2\/pages\/2"}],"wp:attachment":[{"href":"https:\/\/tandem-finanzberatung.de\/index.php?rest_route=%2Fwp%2Fv2%2Fmedia&parent=47"}],"curies":[{"name":"wp","href":"https:\/\/api.w.org\/{rel}","templated":true}]}}