{"id":45,"date":"2020-04-12T15:36:17","date_gmt":"2020-04-12T15:36:17","guid":{"rendered":"http:\/\/tandem-finanzberatung.de\/?page_id=45"},"modified":"2025-10-17T10:34:02","modified_gmt":"2025-10-17T10:34:02","slug":"leistungen","status":"publish","type":"page","link":"https:\/\/tandem-finanzberatung.de\/?page_id=45","title":{"rendered":"Leistungen"},"content":{"rendered":"\r\n<h4 class=\"is-layout-flow wp-block-group-is-layout-flow\" style=\"text-align: center;\"><a href=\"http:\/\/tandem-finanzberatung.de\/?page_id=41\"><img loading=\"lazy\" decoding=\"async\" src=\"http:\/\/tandem-finanzberatung.de\/wp-content\/uploads\/2020\/04\/DSC2436_retusche-klein-684x1024.jpg\" alt=\"\" width=\"187\" height=\"278\" class=\"alignleft\" \/><\/a><span style=\"font-family: Standard; font-size: 27px;\"><br \/><br \/><em><strong>In 3 Schritten finanziell sorgenfrei in die Zukunft <\/strong><\/em><\/span><em><strong>blicken!<\/strong><\/em><br \/><br \/><br \/><br \/><\/h4>\r\n<p>Im <strong>1. Schritt<\/strong> m\u00f6chte ich Sie pers\u00f6nlich sowie wirtschaftlich kennen lernen. Danach zeige ich Ihnen verschiedene Vorsorgem\u00f6glichkeiten auf, wo Sie dann entscheiden, welches Thema f\u00fcr Sie am wichtigsten ist.<\/p>\r\n<p>Im <strong>2. Schritt<\/strong> verschaffe ich Ihnen einen \u00dcberblick \u00fcber Ihre bestehenden Versicherungen. Danach erstelle ich unter Ber\u00fccksichtigung Ihrer individuellen W\u00fcnsche und Ziele, einen f\u00fcr Sie und auf Ihre Lebenssituation angepassten Absicherungs- und Vorsorgeplan. Ziel ist es dabei, dass Sie daf\u00fcr nicht mehr Geld als vorher investieren m\u00fcssen, aber trotzdem besser abgesichert sind.<\/p>\r\n<p>In aller Ruhe besprechen wir dann im<strong> 3. Schritt<\/strong> die f\u00fcr Sie passenden M\u00f6glichkeiten mit h\u00f6chstm\u00f6glicher Transparenz der ausgew\u00e4hlten Produkte.<\/p>\r\n<p>&nbsp;<\/p>\r\n<p><a href=\"http:\/\/tandem-finanzberatung.de\/?page_id=41\"><img loading=\"lazy\" decoding=\"async\" src=\"http:\/\/tandem-finanzberatung.de\/wp-content\/uploads\/2020\/04\/DSC2352_retusche-684x1024.jpg\" alt=\"\" width=\"164\" height=\"245\" class=\"alignleft\" \/><\/a><br \/>Vertrauensvoll begleite ich Sie gerne als Ihre Finanzberaterin in allen Finanzangelegenheiten.<br \/>Ich stehe Ihnen und Ihrer Familie, solange Sie es w\u00fcnschen, mit Rat und Tat im Bereich der Existenzsicherung, Vorsorge und des Verm\u00f6gensaufbau zur Seite.<br \/><em>.<\/em><br \/><br \/><br \/><br \/><br \/><\/p>\r\n<p style=\"text-align: center;\"><strong>Der Weg ist das Ziel!<\/strong><\/p>\r\n\r\n\r\n\r\n<figure><img loading=\"lazy\" decoding=\"async\" src=\"http:\/\/tandem-finanzberatung.de\/wp-content\/uploads\/2020\/04\/Der-Weg-ist-das-Ziel.jpg\" alt=\"\" width=\"336\" height=\"110\" class=\"aligncenter\" \/><\/figure>\r\n<p>&nbsp;<\/p>\r\n\r\n\r\n\r\n<p><strong>Ziel Risikoabsicherung<\/strong><\/p>\r\n\r\n\r\n\r\n<ul class=\"wp-block-list\">\r\n<li>Berufsunf\u00e4higkeitsversicherung<\/li>\r\n<li>Dread- Disease-, und Grundf\u00e4higkeitsversicherung<\/li>\r\n<li>Unfallversicherung<\/li>\r\n<li>Private Krankenversicherung<\/li>\r\n<li>Risikolebensversicherung<\/li>\r\n<li>Zusatzversicherungen f\u00fcr Zahnersatz, Krankenhaus etc.<\/li>\r\n<\/ul>\r\n\r\n\r\n\r\n<p><strong>Ziel Altersvorsorge\/ Verm\u00f6gensaufbau<\/strong><\/p>\r\n\r\n\r\n\r\n<ul class=\"wp-block-list\">\r\n<li>staatlich gef\u00f6rderte Vorsorgemodelle (Riester\/ Basis-\/R\u00fcrup- Rente, betriebliche Altersvorsorge)<\/li>\r\n<li>private Rentenversicherungen<\/li>\r\n<li>Investmentfonds mit verschiedenen Risikoklassen<\/li>\r\n<\/ul>\r\n\r\n\r\n\r\n<p><a href=\"https:\/\/tandem-finanzberatung.de\/?page_id=608\">Ziel Immobile als Kapitalanlage<\/a><\/p>\r\n\r\n\r\n\r\n<ul class=\"wp-block-list\">\r\n<li>Sachwert f\u00fcr die Zukunft schaffen<\/li>\r\n<li>dient dem Kapitalaufbau oder der Altersvorsorge<\/li>\r\n<\/ul>\r\n\r\n\r\n\r\n<p>&nbsp;<\/p>\r\n","protected":false},"excerpt":{"rendered":"<p>In 3 Schritten finanziell sorgenfrei in die Zukunft blicken! Im 1. Schritt m\u00f6chte ich Sie pers\u00f6nlich sowie wirtschaftlich kennen lernen. Danach zeige ich Ihnen verschiedene Vorsorgem\u00f6glichkeiten auf, wo Sie dann entscheiden, welches Thema f\u00fcr Sie am wichtigsten ist. Im 2. Schritt verschaffe ich Ihnen einen \u00dcberblick \u00fcber Ihre bestehenden Versicherungen. [&hellip;]<\/p>\n","protected":false},"author":1,"featured_media":0,"parent":2,"menu_order":3,"comment_status":"closed","ping_status":"closed","template":"","meta":{"footnotes":""},"class_list":["post-45","page","type-page","status-publish","hentry"],"_links":{"self":[{"href":"https:\/\/tandem-finanzberatung.de\/index.php?rest_route=\/wp\/v2\/pages\/45","targetHints":{"allow":["GET"]}}],"collection":[{"href":"https:\/\/tandem-finanzberatung.de\/index.php?rest_route=\/wp\/v2\/pages"}],"about":[{"href":"https:\/\/tandem-finanzberatung.de\/index.php?rest_route=\/wp\/v2\/types\/page"}],"author":[{"embeddable":true,"href":"https:\/\/tandem-finanzberatung.de\/index.php?rest_route=\/wp\/v2\/users\/1"}],"replies":[{"embeddable":true,"href":"https:\/\/tandem-finanzberatung.de\/index.php?rest_route=%2Fwp%2Fv2%2Fcomments&post=45"}],"version-history":[{"count":76,"href":"https:\/\/tandem-finanzberatung.de\/index.php?rest_route=\/wp\/v2\/pages\/45\/revisions"}],"predecessor-version":[{"id":735,"href":"https:\/\/tandem-finanzberatung.de\/index.php?rest_route=\/wp\/v2\/pages\/45\/revisions\/735"}],"up":[{"embeddable":true,"href":"https:\/\/tandem-finanzberatung.de\/index.php?rest_route=\/wp\/v2\/pages\/2"}],"wp:attachment":[{"href":"https:\/\/tandem-finanzberatung.de\/index.php?rest_route=%2Fwp%2Fv2%2Fmedia&parent=45"}],"curies":[{"name":"wp","href":"https:\/\/api.w.org\/{rel}","templated":true}]}}