{"id":41,"date":"2020-04-12T15:29:07","date_gmt":"2020-04-12T15:29:07","guid":{"rendered":"http:\/\/tandem-finanzberatung.de\/?page_id=41"},"modified":"2025-10-17T10:34:19","modified_gmt":"2025-10-17T10:34:19","slug":"ueber-mich","status":"publish","type":"page","link":"https:\/\/tandem-finanzberatung.de\/?page_id=41","title":{"rendered":"\u00dcber mich"},"content":{"rendered":"\r\n<p>Meine Name ist Nancy Klose, ich bin 45 Jahre alt, verheiratet und\u00a0 habe 2 Kinder.<\/p>\r\n\r\n\r\n\r\n<p><strong>Ich m\u00f6chte Krankenschwester werden!<\/strong><\/p>\r\n\r\n\r\n\r\n<p>Das wusste ich schon sehr fr\u00fch und habe 1998 in Wetzlar die Ausbildung nach meinem Abitur auch begonnen, erfolgreich abgeschlossen und bin nun seit 23 Jahren als Krankenschwester, derzeit im OP, t\u00e4tig.<\/p>\r\n\r\n\r\n\r\n<p><strong>Ich m\u00f6chte Kinder! Am liebsten 2!<\/strong><\/p>\r\n\r\n\r\n\r\n<p>Auch das war mir schon sehr fr\u00fch klar und bin das erste Mal mit 23 Jahren Mutter geworden. Das zweite Kind folgte dann 4 Jahre sp\u00e4ter. Seit der Geburt meiner Kinder habe ich mich v\u00f6llig selbstverst\u00e4ndlich um das Wohl meiner Familie gek\u00fcmmert. Da blieb nur Zeit f\u00fcr eine Teilzeitbesch\u00e4ftigung. Welche Konsequenz das aber mal f\u00fcr meine eigene Rente bedeutete, war mir nicht bewusst. Ehrlich gesagt, hat mich das auch nicht interessiert, denn mit 2 kleinen Kindern, Haushalt und der Arbeit als Krankenschwester war ich vollkommen ausgelastet.<br \/>Ach&#8230;&#8230; und damals mit Anfang 20, habe ich auch irgendetwas bei einer Bank abgeschlossen&#8230;&#8230; das wird schon gut sein&#8230;&#8230;, dachte ich!<\/p>\r\n\r\n\r\n\r\n<p>Vor 7 Jahren erkannte ich bei einer Finanzberatung, dass mir 1000 \u20ac gesetzliche Rente, vorausgesetzt ich schaffe es bis 67 zu arbeiten, zum Leben nicht reichen werden. <br \/>Und die alleinige Hoffnung darauf, dass meine bestehende private Absicherung gen\u00fcgt, wird mich auch nicht vor der Altersarmut sch\u00fctzen.<\/p>\r\n\r\n\r\n\r\n<p>Aus meinen eigenen Fehlern heraus, beschloss ich jetzt zu handeln und informierte mich gr\u00fcndlich \u00fcber die Finanzwelt. Ich will sie verstehen und f\u00fcr andere verst\u00e4ndlich machen!<\/p>\r\n\r\n\r\n\r\n<p>Fazit: <strong><em>Ich werde Finanzexpertin!<\/em><\/strong><\/p>\r\n\r\n\r\n\r\n<p>Im November 2019 habe ich dann erfolgreich die Ausbildung zur Fachfrau f\u00fcr Versicherungsvermittlung abgeschlossen und kann jetzt somit bestens auf die finanziellen Bed\u00fcrfnisse von uns Frauen eingehen. Mit meiner eigenen Firma <strong><em><span style=\"color: #d4af37;\" class=\"has-inline-color\"><a href=\"http:\/\/tandem-finanzberatung.de\/\">Tandem &#8211; Finanzberatung<\/a><\/span><\/em><\/strong> kann ich Ihnen endlich v\u00f6llig neutral aufzeigen, was im Bereich Vorsorge und Absicherung wirklich wichtig ist.<\/p>\r\n","protected":false},"excerpt":{"rendered":"<p>Meine Name ist Nancy Klose, ich bin 45 Jahre alt, verheiratet und\u00a0 habe 2 Kinder. Ich m\u00f6chte Krankenschwester werden! Das wusste ich schon sehr fr\u00fch und habe 1998 in Wetzlar die Ausbildung nach meinem Abitur auch begonnen, erfolgreich abgeschlossen und bin nun seit 23 Jahren als Krankenschwester, derzeit im OP, [&hellip;]<\/p>\n","protected":false},"author":1,"featured_media":0,"parent":2,"menu_order":2,"comment_status":"closed","ping_status":"closed","template":"","meta":{"footnotes":""},"class_list":["post-41","page","type-page","status-publish","hentry"],"_links":{"self":[{"href":"https:\/\/tandem-finanzberatung.de\/index.php?rest_route=\/wp\/v2\/pages\/41","targetHints":{"allow":["GET"]}}],"collection":[{"href":"https:\/\/tandem-finanzberatung.de\/index.php?rest_route=\/wp\/v2\/pages"}],"about":[{"href":"https:\/\/tandem-finanzberatung.de\/index.php?rest_route=\/wp\/v2\/types\/page"}],"author":[{"embeddable":true,"href":"https:\/\/tandem-finanzberatung.de\/index.php?rest_route=\/wp\/v2\/users\/1"}],"replies":[{"embeddable":true,"href":"https:\/\/tandem-finanzberatung.de\/index.php?rest_route=%2Fwp%2Fv2%2Fcomments&post=41"}],"version-history":[{"count":25,"href":"https:\/\/tandem-finanzberatung.de\/index.php?rest_route=\/wp\/v2\/pages\/41\/revisions"}],"predecessor-version":[{"id":732,"href":"https:\/\/tandem-finanzberatung.de\/index.php?rest_route=\/wp\/v2\/pages\/41\/revisions\/732"}],"up":[{"embeddable":true,"href":"https:\/\/tandem-finanzberatung.de\/index.php?rest_route=\/wp\/v2\/pages\/2"}],"wp:attachment":[{"href":"https:\/\/tandem-finanzberatung.de\/index.php?rest_route=%2Fwp%2Fv2%2Fmedia&parent=41"}],"curies":[{"name":"wp","href":"https:\/\/api.w.org\/{rel}","templated":true}]}}