{"id":378,"date":"2020-04-23T08:45:46","date_gmt":"2020-04-23T08:45:46","guid":{"rendered":"http:\/\/tandem-finanzberatung.de\/?page_id=378"},"modified":"2023-09-17T16:30:50","modified_gmt":"2023-09-17T16:30:50","slug":"kfz-haftpflichtversicherung","status":"publish","type":"page","link":"https:\/\/tandem-finanzberatung.de\/?page_id=378","title":{"rendered":"Kfz-Haftpflichtversicherung"},"content":{"rendered":"<p>Die KFZ Haftpflichtversicherung ist eine gesetzlich vorgeschriebene Pflichtversicherung f\u00fcr ihr Fahrzeug.\u00a0 Diese deckt die Schadenersatzanspr\u00fcche, die einem anderen durch den Betrieb ihres KFZ, schuldhaft durch ein Verkehrsunfall, entstehen. (Verschulden oder Gef\u00e4hrdungshaftung)<\/p>\n<p>Der selbstgew\u00e4hlte Teilkaskoschutz sch\u00fctz Sie vor finanziellen Folgen aufgrund Sch\u00e4den<br \/>\ndurch Brand, Explosion, Diebstahl, Elementarsch\u00e4den, Glassch\u00e4den sowie Zusammensto\u00df mit Tieren und Tierbi\u00dfsch\u00e4den. Mit einem Vollkaskoschutz decken sie ebenfalls selbstverursachte Sch\u00e4den und Vandalismussch\u00e4den ab.<\/p>\n","protected":false},"excerpt":{"rendered":"<p>Die KFZ Haftpflichtversicherung ist eine gesetzlich vorgeschriebene Pflichtversicherung f\u00fcr ihr Fahrzeug.\u00a0 Diese deckt die Schadenersatzanspr\u00fcche, die einem anderen durch den Betrieb ihres KFZ, schuldhaft durch ein Verkehrsunfall, entstehen. (Verschulden oder Gef\u00e4hrdungshaftung) Der selbstgew\u00e4hlte Teilkaskoschutz sch\u00fctz Sie vor finanziellen Folgen aufgrund Sch\u00e4den durch Brand, Explosion, Diebstahl, Elementarsch\u00e4den, Glassch\u00e4den sowie Zusammensto\u00df mit [&hellip;]<\/p>\n","protected":false},"author":1,"featured_media":0,"parent":47,"menu_order":8,"comment_status":"closed","ping_status":"closed","template":"","meta":{"footnotes":""},"class_list":["post-378","page","type-page","status-publish","hentry"],"_links":{"self":[{"href":"https:\/\/tandem-finanzberatung.de\/index.php?rest_route=\/wp\/v2\/pages\/378","targetHints":{"allow":["GET"]}}],"collection":[{"href":"https:\/\/tandem-finanzberatung.de\/index.php?rest_route=\/wp\/v2\/pages"}],"about":[{"href":"https:\/\/tandem-finanzberatung.de\/index.php?rest_route=\/wp\/v2\/types\/page"}],"author":[{"embeddable":true,"href":"https:\/\/tandem-finanzberatung.de\/index.php?rest_route=\/wp\/v2\/users\/1"}],"replies":[{"embeddable":true,"href":"https:\/\/tandem-finanzberatung.de\/index.php?rest_route=%2Fwp%2Fv2%2Fcomments&post=378"}],"version-history":[{"count":3,"href":"https:\/\/tandem-finanzberatung.de\/index.php?rest_route=\/wp\/v2\/pages\/378\/revisions"}],"predecessor-version":[{"id":459,"href":"https:\/\/tandem-finanzberatung.de\/index.php?rest_route=\/wp\/v2\/pages\/378\/revisions\/459"}],"up":[{"embeddable":true,"href":"https:\/\/tandem-finanzberatung.de\/index.php?rest_route=\/wp\/v2\/pages\/47"}],"wp:attachment":[{"href":"https:\/\/tandem-finanzberatung.de\/index.php?rest_route=%2Fwp%2Fv2%2Fmedia&parent=378"}],"curies":[{"name":"wp","href":"https:\/\/api.w.org\/{rel}","templated":true}]}}