{"id":371,"date":"2020-04-22T09:35:18","date_gmt":"2020-04-22T09:35:18","guid":{"rendered":"http:\/\/tandem-finanzberatung.de\/?page_id=371"},"modified":"2023-09-17T16:25:52","modified_gmt":"2023-09-17T16:25:52","slug":"berufsunfaehigkeitsversicherung-bu","status":"publish","type":"page","link":"https:\/\/tandem-finanzberatung.de\/?page_id=371","title":{"rendered":"Berufsunf\u00e4higkeitsversicherung BU"},"content":{"rendered":"<p>Wollen Sie, auch wenn Sie nicht mehr Ihren Beruf aus\u00fcben k\u00f6nnen, trotzdem das gleiche Geld monatlich zur Verf\u00fcgung haben?<\/p>\n<p>Diese Frage stellt sich oft, denn das Einkommen stellt f\u00fcr Arbeitnehmer sowie Selbstst\u00e4ndige die Grundlage der eigenen Existenz bzw. der Familie dar. Umso wichtiger ist daher die Absicherung dieses Einkommens, wenn sich die Arbeitskraft aufgrund schwerer Krankheiten reduziert oder sogar ganz wegf\u00e4llt.<\/p>\n<p>Einem weit verbreiteten Irrtum nach, sind nur Handwerker und andere schwer k\u00f6rperlich t\u00e4tige Berufsgruppen von der Berufsunf\u00e4higkeit bedroht. Richtig ist, das bei ihnen die Gefahr von Unf\u00e4llen oder k\u00f6rperlichen Verschlei\u00df erh\u00f6ht ist.<br \/>\nDie h\u00e4ufigste Ursache f\u00fcr Berufsunf\u00e4higkeit sind aber psychische Erkrankungen &#8211; und diese k\u00f6nne jeden treffen.<\/p>\n<p>Jeder 4. Angestellte scheidet aus gesundheitlichen Gr\u00fcnden vorzeitig aus dem Berufsleben aus.<\/p>\n","protected":false},"excerpt":{"rendered":"<p>Wollen Sie, auch wenn Sie nicht mehr Ihren Beruf aus\u00fcben k\u00f6nnen, trotzdem das gleiche Geld monatlich zur Verf\u00fcgung haben? Diese Frage stellt sich oft, denn das Einkommen stellt f\u00fcr Arbeitnehmer sowie Selbstst\u00e4ndige die Grundlage der eigenen Existenz bzw. der Familie dar. Umso wichtiger ist daher die Absicherung dieses Einkommens, wenn [&hellip;]<\/p>\n","protected":false},"author":1,"featured_media":0,"parent":47,"menu_order":2,"comment_status":"closed","ping_status":"closed","template":"","meta":{"footnotes":""},"class_list":["post-371","page","type-page","status-publish","hentry"],"_links":{"self":[{"href":"https:\/\/tandem-finanzberatung.de\/index.php?rest_route=\/wp\/v2\/pages\/371","targetHints":{"allow":["GET"]}}],"collection":[{"href":"https:\/\/tandem-finanzberatung.de\/index.php?rest_route=\/wp\/v2\/pages"}],"about":[{"href":"https:\/\/tandem-finanzberatung.de\/index.php?rest_route=\/wp\/v2\/types\/page"}],"author":[{"embeddable":true,"href":"https:\/\/tandem-finanzberatung.de\/index.php?rest_route=\/wp\/v2\/users\/1"}],"replies":[{"embeddable":true,"href":"https:\/\/tandem-finanzberatung.de\/index.php?rest_route=%2Fwp%2Fv2%2Fcomments&post=371"}],"version-history":[{"count":3,"href":"https:\/\/tandem-finanzberatung.de\/index.php?rest_route=\/wp\/v2\/pages\/371\/revisions"}],"predecessor-version":[{"id":456,"href":"https:\/\/tandem-finanzberatung.de\/index.php?rest_route=\/wp\/v2\/pages\/371\/revisions\/456"}],"up":[{"embeddable":true,"href":"https:\/\/tandem-finanzberatung.de\/index.php?rest_route=\/wp\/v2\/pages\/47"}],"wp:attachment":[{"href":"https:\/\/tandem-finanzberatung.de\/index.php?rest_route=%2Fwp%2Fv2%2Fmedia&parent=371"}],"curies":[{"name":"wp","href":"https:\/\/api.w.org\/{rel}","templated":true}]}}