{"id":366,"date":"2020-04-22T07:47:32","date_gmt":"2020-04-22T07:47:32","guid":{"rendered":"http:\/\/tandem-finanzberatung.de\/?page_id=366"},"modified":"2023-09-17T16:28:34","modified_gmt":"2023-09-17T16:28:34","slug":"wohngebaeudeversicherung","status":"publish","type":"page","link":"https:\/\/tandem-finanzberatung.de\/?page_id=366","title":{"rendered":"Wohngeb\u00e4udeversicherung"},"content":{"rendered":"\r\n<p>Ein Geb\u00e4udeschaden der nicht \u00fcber eine Versicherung abgedeckt ist, hat oft weitreichende finanzielle Folgen. Nicht selten muss auf Ersparnisse zur\u00fcckgegriffen werden oder es ist eine Aufnahme eines weiteren Kredits n\u00f6tig.<br \/>Dies belastet nat\u00fcrlich viele Hausbesitzer und oft wird sogar dadurch die Existenz bedroht.<br \/>Die Wohngeb\u00e4udeversicherung bietet dem Kunden nach einem Feuer-, Leitungswasser-, Sturm- und Hagelschaden Schutz vor finanziellen Folgen und garantiert bei Totalschaden den Wiederaufbau. Somit muss man nicht auf die eigenen vier W\u00e4nde verzichten und kann den gewohnten Lebensstandard beibehalten.<\/p>\r\n\r\n\r\n\r\n<figure class=\"wp-block-image size-large is-resized\"><img loading=\"lazy\" decoding=\"async\" src=\"http:\/\/tandem-finanzberatung.de\/wp-content\/uploads\/2020\/04\/Geb\u00e4udeversicherung-1024x682.jpg\" alt=\"\" class=\"wp-image-397\" width=\"344\" height=\"229\" srcset=\"https:\/\/tandem-finanzberatung.de\/wp-content\/uploads\/2020\/04\/Geb\u00e4udeversicherung-1024x682.jpg 1024w, https:\/\/tandem-finanzberatung.de\/wp-content\/uploads\/2020\/04\/Geb\u00e4udeversicherung-300x200.jpg 300w, https:\/\/tandem-finanzberatung.de\/wp-content\/uploads\/2020\/04\/Geb\u00e4udeversicherung-768x512.jpg 768w, https:\/\/tandem-finanzberatung.de\/wp-content\/uploads\/2020\/04\/Geb\u00e4udeversicherung-360x240.jpg 360w, https:\/\/tandem-finanzberatung.de\/wp-content\/uploads\/2020\/04\/Geb\u00e4udeversicherung.jpg 1280w\" sizes=\"auto, (max-width: 344px) 100vw, 344px\" \/><\/figure>\r\n","protected":false},"excerpt":{"rendered":"<p>Ein Geb\u00e4udeschaden der nicht \u00fcber eine Versicherung abgedeckt ist, hat oft weitreichende finanzielle Folgen. Nicht selten muss auf Ersparnisse zur\u00fcckgegriffen werden oder es ist eine Aufnahme eines weiteren Kredits n\u00f6tig.Dies belastet nat\u00fcrlich viele Hausbesitzer und oft wird sogar dadurch die Existenz bedroht.Die Wohngeb\u00e4udeversicherung bietet dem Kunden nach einem Feuer-, Leitungswasser-, [&hellip;]<\/p>\n","protected":false},"author":1,"featured_media":0,"parent":47,"menu_order":4,"comment_status":"closed","ping_status":"closed","template":"","meta":{"footnotes":""},"class_list":["post-366","page","type-page","status-publish","hentry"],"_links":{"self":[{"href":"https:\/\/tandem-finanzberatung.de\/index.php?rest_route=\/wp\/v2\/pages\/366","targetHints":{"allow":["GET"]}}],"collection":[{"href":"https:\/\/tandem-finanzberatung.de\/index.php?rest_route=\/wp\/v2\/pages"}],"about":[{"href":"https:\/\/tandem-finanzberatung.de\/index.php?rest_route=\/wp\/v2\/types\/page"}],"author":[{"embeddable":true,"href":"https:\/\/tandem-finanzberatung.de\/index.php?rest_route=\/wp\/v2\/users\/1"}],"replies":[{"embeddable":true,"href":"https:\/\/tandem-finanzberatung.de\/index.php?rest_route=%2Fwp%2Fv2%2Fcomments&post=366"}],"version-history":[{"count":4,"href":"https:\/\/tandem-finanzberatung.de\/index.php?rest_route=\/wp\/v2\/pages\/366\/revisions"}],"predecessor-version":[{"id":449,"href":"https:\/\/tandem-finanzberatung.de\/index.php?rest_route=\/wp\/v2\/pages\/366\/revisions\/449"}],"up":[{"embeddable":true,"href":"https:\/\/tandem-finanzberatung.de\/index.php?rest_route=\/wp\/v2\/pages\/47"}],"wp:attachment":[{"href":"https:\/\/tandem-finanzberatung.de\/index.php?rest_route=%2Fwp%2Fv2%2Fmedia&parent=366"}],"curies":[{"name":"wp","href":"https:\/\/api.w.org\/{rel}","templated":true}]}}