{"id":363,"date":"2020-04-21T09:00:43","date_gmt":"2020-04-21T09:00:43","guid":{"rendered":"http:\/\/tandem-finanzberatung.de\/?page_id=363"},"modified":"2023-09-17T16:30:08","modified_gmt":"2023-09-17T16:30:08","slug":"haftpflichtversicherung","status":"publish","type":"page","link":"https:\/\/tandem-finanzberatung.de\/?page_id=363","title":{"rendered":"Haftpflichtversicherung"},"content":{"rendered":"\r\n<p>Im t\u00e4glichen Miteinander lassen sich trotz aller Vorsicht Sch\u00e4den nicht vermeiden<\/p>\r\n\r\n\r\n\r\n<p>Die Haftpflichtversicherung bewahrt den Sch\u00e4diger vor dem finanziellen Ruin, den laut Gesetz haftet dieser in <em>unbegrenzter H\u00f6he<\/em>. Umso wichtiger ist es, dass die Versicherungssumme f\u00fcr Sach- und Personensch\u00e4den ausreichend hoch ist.<\/p>\r\n\r\n\r\n\r\n<p>Die Schadenersatzpflicht gilt laut Gesetz f\u00fcr <em>eigenes Verschulden<\/em>, (wie z.B. etwas besch\u00e4digen oder im Winter kein Schnee ger\u00e4umt), sowie f\u00fcr ohne <em>Verschulden<\/em> durch Besitz eines \u00d6ltanks oder das Halten von Hunden\/Pferden)<\/p>\r\n","protected":false},"excerpt":{"rendered":"<p>Im t\u00e4glichen Miteinander lassen sich trotz aller Vorsicht Sch\u00e4den nicht vermeiden Die Haftpflichtversicherung bewahrt den Sch\u00e4diger vor dem finanziellen Ruin, den laut Gesetz haftet dieser in unbegrenzter H\u00f6he. Umso wichtiger ist es, dass die Versicherungssumme f\u00fcr Sach- und Personensch\u00e4den ausreichend hoch ist. Die Schadenersatzpflicht gilt laut Gesetz f\u00fcr eigenes Verschulden, [&hellip;]<\/p>\n","protected":false},"author":1,"featured_media":0,"parent":47,"menu_order":7,"comment_status":"closed","ping_status":"closed","template":"","meta":{"footnotes":""},"class_list":["post-363","page","type-page","status-publish","hentry"],"_links":{"self":[{"href":"https:\/\/tandem-finanzberatung.de\/index.php?rest_route=\/wp\/v2\/pages\/363","targetHints":{"allow":["GET"]}}],"collection":[{"href":"https:\/\/tandem-finanzberatung.de\/index.php?rest_route=\/wp\/v2\/pages"}],"about":[{"href":"https:\/\/tandem-finanzberatung.de\/index.php?rest_route=\/wp\/v2\/types\/page"}],"author":[{"embeddable":true,"href":"https:\/\/tandem-finanzberatung.de\/index.php?rest_route=\/wp\/v2\/users\/1"}],"replies":[{"embeddable":true,"href":"https:\/\/tandem-finanzberatung.de\/index.php?rest_route=%2Fwp%2Fv2%2Fcomments&post=363"}],"version-history":[{"count":3,"href":"https:\/\/tandem-finanzberatung.de\/index.php?rest_route=\/wp\/v2\/pages\/363\/revisions"}],"predecessor-version":[{"id":698,"href":"https:\/\/tandem-finanzberatung.de\/index.php?rest_route=\/wp\/v2\/pages\/363\/revisions\/698"}],"up":[{"embeddable":true,"href":"https:\/\/tandem-finanzberatung.de\/index.php?rest_route=\/wp\/v2\/pages\/47"}],"wp:attachment":[{"href":"https:\/\/tandem-finanzberatung.de\/index.php?rest_route=%2Fwp%2Fv2%2Fmedia&parent=363"}],"curies":[{"name":"wp","href":"https:\/\/api.w.org\/{rel}","templated":true}]}}