{"id":338,"date":"2020-04-18T19:54:13","date_gmt":"2020-04-18T19:54:13","guid":{"rendered":"http:\/\/tandem-finanzberatung.de\/?page_id=338"},"modified":"2023-09-17T16:28:57","modified_gmt":"2023-09-17T16:28:57","slug":"hausratversicherung","status":"publish","type":"page","link":"https:\/\/tandem-finanzberatung.de\/?page_id=338","title":{"rendered":"Hausratversicherung"},"content":{"rendered":"\r\n<p>Die Hausratversicherung bietet Ihnen Schutz vor finanziellen Folgen f\u00fcr Sch\u00e4den an Einrichtungs-, Gebrauchs- und Verbrauchsgegenst\u00e4nde im Privathaushalt durch Feuer, Leitungswasser, Sturm, Hagel, Einbruchdiebstahl, Raub und Vandalismus und erspart dem Kunden im Schadenfall<\/p>\r\n\r\n\r\n\r\n<ul class=\"wp-block-list\">\r\n<li>den R\u00fcckgriff auf Ersparnisse<\/li>\r\n<li>die Aufnahme eines Kredits oder<\/li>\r\n<li>den Verzicht auf Hausratgegenst\u00e4nde<\/li>\r\n<\/ul>\r\n","protected":false},"excerpt":{"rendered":"<p>Die Hausratversicherung bietet Ihnen Schutz vor finanziellen Folgen f\u00fcr Sch\u00e4den an Einrichtungs-, Gebrauchs- und Verbrauchsgegenst\u00e4nde im Privathaushalt durch Feuer, Leitungswasser, Sturm, Hagel, Einbruchdiebstahl, Raub und Vandalismus und erspart dem Kunden im Schadenfall den R\u00fcckgriff auf Ersparnisse die Aufnahme eines Kredits oder den Verzicht auf Hausratgegenst\u00e4nde<\/p>\n","protected":false},"author":1,"featured_media":0,"parent":47,"menu_order":5,"comment_status":"closed","ping_status":"closed","template":"","meta":{"footnotes":""},"class_list":["post-338","page","type-page","status-publish","hentry"],"_links":{"self":[{"href":"https:\/\/tandem-finanzberatung.de\/index.php?rest_route=\/wp\/v2\/pages\/338","targetHints":{"allow":["GET"]}}],"collection":[{"href":"https:\/\/tandem-finanzberatung.de\/index.php?rest_route=\/wp\/v2\/pages"}],"about":[{"href":"https:\/\/tandem-finanzberatung.de\/index.php?rest_route=\/wp\/v2\/types\/page"}],"author":[{"embeddable":true,"href":"https:\/\/tandem-finanzberatung.de\/index.php?rest_route=\/wp\/v2\/users\/1"}],"replies":[{"embeddable":true,"href":"https:\/\/tandem-finanzberatung.de\/index.php?rest_route=%2Fwp%2Fv2%2Fcomments&post=338"}],"version-history":[{"count":5,"href":"https:\/\/tandem-finanzberatung.de\/index.php?rest_route=\/wp\/v2\/pages\/338\/revisions"}],"predecessor-version":[{"id":697,"href":"https:\/\/tandem-finanzberatung.de\/index.php?rest_route=\/wp\/v2\/pages\/338\/revisions\/697"}],"up":[{"embeddable":true,"href":"https:\/\/tandem-finanzberatung.de\/index.php?rest_route=\/wp\/v2\/pages\/47"}],"wp:attachment":[{"href":"https:\/\/tandem-finanzberatung.de\/index.php?rest_route=%2Fwp%2Fv2%2Fmedia&parent=338"}],"curies":[{"name":"wp","href":"https:\/\/api.w.org\/{rel}","templated":true}]}}