{"id":20,"date":"2020-04-12T15:28:53","date_gmt":"2020-04-12T15:28:53","guid":{"rendered":"http:\/\/tandem-finanzberatung.de\/?page_id=20"},"modified":"2024-06-17T18:07:49","modified_gmt":"2024-06-17T18:07:49","slug":"impressum","status":"publish","type":"page","link":"https:\/\/tandem-finanzberatung.de\/?page_id=20","title":{"rendered":"Impressum"},"content":{"rendered":"\r\n<p>F\u00fcr diese Website verantwortlicher Anbieter gem\u00e4\u00df \u00a7 5 TMG sowie Informationspflichten gem\u00e4\u00df \u00a7 15 VersVermV und \u00a755 Abs. 2 RStV.<\/p>\r\n\r\n\r\n\r\n<p>Tandem Finanzberatung<\/p>\r\n\r\n\r\n\r\n<p>Nancy Klose<br \/>Hauptstrasse 4<br \/>35649 Niederweidbach<br \/>Telefon: 0176 &#8211; 477 21 529<br \/>Telefax: 06444 &#8211; 9318985<br \/>E-Mail:\u00a0<a href=\"mailto:nancy.klose@tandem-finanzberatung.de\" target=\"_blank\" rel=\"noreferrer noopener\">nancy.klose@tandem-finanzberatung.de<\/a><br \/>Internet: <a href=\"http:\/\/www.tandem-finanzberatung.de\">www.tandem-finanzberatung.de<\/a><br \/>Gesch\u00e4ftsf\u00fchrung: Nancy Klose<\/p>\r\n\r\n\r\n\r\n<p>Steuer-Nummer: 39 812 80449<\/p>\r\n\r\n\r\n\r\n<p>Ich arbeite\u00a0als zugelassene Versicherungsmaklerinnen gem\u00e4\u00df \u00a7 34 d Abs. 1 Z. 2 (GewO)<br \/>Registrierungsnummer: <strong>D-MJZA-SSAIL-96<\/strong><\/p>\r\n\r\n\r\n\r\n<p><strong>Beh\u00f6rde f\u00fcr die Erlaubnis und Aufsicht nach \u00a7 34d Abs. 1 Z.2 Gewo<\/strong><\/p>\r\n\r\n\r\n\r\n<p>IHK Limburg<br \/>Walderdorffstr. 7<br \/>65549 Limburg<\/p>\r\n\r\n\r\n\r\n<p><strong>Die Eintragung im Vermittlerregister kann wie folgt \u00fcberpr\u00fcft werden:<\/strong><\/p>\r\n\r\n\r\n\r\n<p><strong>Deutscher Industrie- und Handelskammertag (DIHK) e.V.<\/strong><br \/><strong>Breite Stra\u00dfe 29<\/strong><br \/><strong>10178 Berlin<\/strong><br \/><a href=\"http:\/\/www.vermittlerregister.org\/\" target=\"_blank\" rel=\"noreferrer noopener\">www.vermittlerregister.org<\/a><\/p>\r\n\r\n\r\n\r\n<p>Telefon: 0180-600 585-0<br \/>(20 Cent\/Anruf aus dem dt. Festnetz, h\u00f6chstens 60 Cent\/Anruf aus Mobilfunknetzen<\/p>\r\n\r\n\r\n\r\n<p>Es wird eine Beratung angeboten. Der Makler erh\u00e4lt eine Courtage im Zusammenhang mit der Vermittlung vom Versicherungsunternehmen, welche in den Versicherungspr\u00e4mien enthalten ist.<\/p>\r\n\r\n\r\n\r\n<p>Bei Streitigkeiten zwischen Versicherungsvermittlern und Versicherungsnehmern k\u00f6nnen folgende Schlichtungsstellen angerufen werden:<\/p>\r\n\r\n\r\n\r\n<div class=\"wp-block-columns is-layout-flex wp-container-core-columns-is-layout-28f84493 wp-block-columns-is-layout-flex\">\r\n<div class=\"wp-block-column is-layout-flow wp-block-column-is-layout-flow\">\r\n<p>Versicherungsombudsmann e.V.\u00a0<br \/>Postfach 080632<br \/>10006 Berlin\u00a0\u00a0\u00a0\u00a0\u00a0\u00a0\u00a0\u00a0\u00a0\u00a0\u00a0\u00a0\u00a0\u00a0\u00a0\u00a0\u00a0\u00a0\u00a0\u00a0\u00a0\u00a0\u00a0\u00a0\u00a0\u00a0\u00a0\u00a0\u00a0\u00a0\u00a0\u00a0\u00a0\u00a0\u00a0\u00a0\u00a0\u00a0\u00a0\u00a0\u00a0 \u00a0\u00a0\u00a0\u00a0\u00a0\u00a0\u00a0\u00a0\u00a0\u00a0\u00a0\u00a0\u00a0\u00a0\u00a0\u00a0\u00a0\u00a0\u00a0\u00a0\u00a0\u00a0\u00a0\u00a0\u00a0\u00a0\u00a0\u00a0\u00a0\u00a0\u00a0\u00a0\u00a0\u00a0\u00a0\u00a0\u00a0\u00a0\u00a0\u00a0\u00a0\u00a0\u00a0\u00a0\u00a0\u00a0\u00a0\u00a0\u00a0\u00a0\u00a0\u00a0\u00a0\u00a0\u00a0\u00a0 <a href=\"http:\/\/www.versicherungsombudsmann.de\" target=\"_blank\" rel=\"noreferrer noopener\">www.versicherungsombudsmann.de<\/a>\u00a0\u00a0\u00a0 \u00a0\u00a0\u00a0\u00a0\u00a0\u00a0\u00a0\u00a0\u00a0\u00a0\u00a0\u00a0\u00a0\u00a0\u00a0\u00a0\u00a0\u00a0\u00a0\u00a0\u00a0\u00a0\u00a0\u00a0\u00a0\u00a0\u00a0<\/p>\r\n<\/div>\r\n\r\n\r\n\r\n<div class=\"wp-block-column is-layout-flow wp-block-column-is-layout-flow\">\r\n<p>Ombudsmann Private Kranken- und Pflegeversicherung<br \/>Postfach 06 02 22<br \/>10052 Berlin<br \/><a href=\"http:\/\/www.pkv-ombudsmann.de\" target=\"_blank\" rel=\"noreferrer noopener\">www.pkv-ombudsmann.de<\/a><\/p>\r\n<\/div>\r\n<\/div>\r\n\r\n\r\n\r\n<p>Tandem Finanzberatung ist alleinige Eigent\u00fcmerin bzw. Lizenzinhaberin. Alle Rechte sind vorbehalten. Die auszugsweise oder vollst\u00e4ndig Verwendung von Texten, Bildern oder anderen Inhalten ist rechtswidrig.<\/p>\r\n\r\n\r\n\r\n<p><strong>Inhaltlich verantwortlich<\/strong><br \/>Nancy Dittmar<\/p>\r\n\r\n\r\n\r\n<p><strong>Haftungshinweis<\/strong><br \/>Trotz sorgf\u00e4ltiger inhaltlicher Kontrolle \u00fcbernehmen wir keine Haftung f\u00fcr die Inhalte externer Links. F\u00fcr den Inhalt der verlinkten Seiten sind ausschlie\u00dflich deren Betreiber verantwortlich.<\/p>\r\n\r\n\r\n\r\n<p>Copyright:<br \/>Alle Inhalte sind urheberrechtlich gesch\u00fctzt.<\/p>\r\n<p>Diese Website wurde mit freundlicher Unterst\u00fctzung von <a href=\"https:\/\/tandem-techniksupport.de\/\">TANDEM Technik Support<\/a> erstellt.<\/p>\r\n","protected":false},"excerpt":{"rendered":"<p>F\u00fcr diese Website verantwortlicher Anbieter gem\u00e4\u00df \u00a7 5 TMG sowie Informationspflichten gem\u00e4\u00df \u00a7 15 VersVermV und \u00a755 Abs. 2 RStV. Tandem Finanzberatung Nancy KloseHauptstrasse 435649 NiederweidbachTelefon: 0176 &#8211; 477 21 529Telefax: 06444 &#8211; 9318985E-Mail:\u00a0nancy.klose@tandem-finanzberatung.deInternet: www.tandem-finanzberatung.deGesch\u00e4ftsf\u00fchrung: Nancy Klose Steuer-Nummer: 39 812 80449 Ich arbeite\u00a0als zugelassene Versicherungsmaklerinnen gem\u00e4\u00df \u00a7 34 d Abs. [&hellip;]<\/p>\n","protected":false},"author":1,"featured_media":0,"parent":2,"menu_order":9,"comment_status":"closed","ping_status":"closed","template":"","meta":{"footnotes":""},"class_list":["post-20","page","type-page","status-publish","hentry"],"_links":{"self":[{"href":"https:\/\/tandem-finanzberatung.de\/index.php?rest_route=\/wp\/v2\/pages\/20","targetHints":{"allow":["GET"]}}],"collection":[{"href":"https:\/\/tandem-finanzberatung.de\/index.php?rest_route=\/wp\/v2\/pages"}],"about":[{"href":"https:\/\/tandem-finanzberatung.de\/index.php?rest_route=\/wp\/v2\/types\/page"}],"author":[{"embeddable":true,"href":"https:\/\/tandem-finanzberatung.de\/index.php?rest_route=\/wp\/v2\/users\/1"}],"replies":[{"embeddable":true,"href":"https:\/\/tandem-finanzberatung.de\/index.php?rest_route=%2Fwp%2Fv2%2Fcomments&post=20"}],"version-history":[{"count":22,"href":"https:\/\/tandem-finanzberatung.de\/index.php?rest_route=\/wp\/v2\/pages\/20\/revisions"}],"predecessor-version":[{"id":709,"href":"https:\/\/tandem-finanzberatung.de\/index.php?rest_route=\/wp\/v2\/pages\/20\/revisions\/709"}],"up":[{"embeddable":true,"href":"https:\/\/tandem-finanzberatung.de\/index.php?rest_route=\/wp\/v2\/pages\/2"}],"wp:attachment":[{"href":"https:\/\/tandem-finanzberatung.de\/index.php?rest_route=%2Fwp%2Fv2%2Fmedia&parent=20"}],"curies":[{"name":"wp","href":"https:\/\/api.w.org\/{rel}","templated":true}]}}