{"id":2,"date":"2016-05-10T03:48:21","date_gmt":"2016-05-10T03:48:21","guid":{"rendered":"http:\/\/tandem-finanzberatung.de\/?page_id=2"},"modified":"2026-03-24T07:56:13","modified_gmt":"2026-03-24T07:56:13","slug":"sample-page","status":"publish","type":"page","link":"https:\/\/tandem-finanzberatung.de\/","title":{"rendered":""},"content":{"rendered":"\r\n<div class=\"wp-block-group alignfull is-layout-flow wp-block-group-is-layout-flow\">\r\n<div class=\"wp-block-group__inner-container\" style=\"text-align: center;\"><span style=\"font-family: Standard; font-size: 42px;\"><span style=\"color: #000000;\">Es ist Zeit f\u00fcr finanzielle Unabh\u00e4ngigkeit!<\/span><\/span><\/div>\r\n<\/div>\r\n<div class=\"wp-block-columns\">\r\n<div class=\"wp-block-column\" style=\"flex-basis: 66.66%;\">\r\n\r\n\r\n<p class=\"has-text-align-center has-text-align-center\" style=\"text-align: center;\"><br \/><span style=\"color: #000000;\"><strong>In Deutschland ist fast jede f\u00fcnfte Person im Rentenalter von der Altersarmut bedroht. <\/strong><\/span><br \/><span style=\"color: #000000;\"><strong>Trotz langj\u00e4hriger Berufst\u00e4tigkeit!<\/strong><\/span><br \/><span style=\"color: #000000;\"><strong>Um das zu vermeiden, ist eine neutrale und verst\u00e4ndliche Versicherungs- und Finanzberatung unverzichtbar! <\/strong><\/span><br \/><span style=\"color: #000000;\"><strong>Denn noch nie war private Vorsorge so wichtig wie heute.<\/strong><\/span><\/p>\r\n<span style=\"color: #000000;\"><strong>\r\n\r\n<\/strong><\/span>\r\n<p class=\"has-text-align-center\" style=\"text-align: center;\"><br \/><span style=\"color: #000000;\"><strong>Ich m\u00f6chte mit Ihnen<\/strong><\/span><\/p>\r\n<span style=\"color: #000000;\">\r\n\r\n<\/span>\r\n<h1 class=\"has-text-align-center wp-block-heading\" style=\"padding-left: 40px; text-align: center;\"><span style=\"color: #000000;\">Finanzen &#8211; Gemeinsam &#8211; Leben<\/span><\/h1>\r\n<p style=\"text-align: center;\"><span style=\"color: #000000;\"><strong>damit Sie vor allem im Rentenalter nicht auf Sozialleistungen angewiesen sein m\u00fcssen!<\/strong><\/span><\/p>\r\n<\/div>\r\n<!-- \/wp:post-content -->\r\n\r\n<!-- wp:column {\"width\":33.33} -->\r\n<div class=\"wp-block-column\" style=\"flex-basis: 33.33%;\"><!-- wp:image {\"align\":\"right\",\"id\":115,\"sizeSlug\":\"large\"} -->\r\n<div class=\"wp-block-image\">\u00a0 \u00a0<img loading=\"lazy\" decoding=\"async\" src=\"http:\/\/tandem-finanzberatung.de\/wp-content\/uploads\/2025\/02\/DSC2375_retusche-1-188x300.jpg\" alt=\"\" width=\"315\" height=\"503\" class=\"wp-image-724 aligncenter\" srcset=\"https:\/\/tandem-finanzberatung.de\/wp-content\/uploads\/2025\/02\/DSC2375_retusche-1-188x300.jpg 188w, https:\/\/tandem-finanzberatung.de\/wp-content\/uploads\/2025\/02\/DSC2375_retusche-1-640x1024.jpg 640w, https:\/\/tandem-finanzberatung.de\/wp-content\/uploads\/2025\/02\/DSC2375_retusche-1-768x1228.jpg 768w, https:\/\/tandem-finanzberatung.de\/wp-content\/uploads\/2025\/02\/DSC2375_retusche-1-960x1536.jpg 960w, https:\/\/tandem-finanzberatung.de\/wp-content\/uploads\/2025\/02\/DSC2375_retusche-1-1281x2048.jpg 1281w, https:\/\/tandem-finanzberatung.de\/wp-content\/uploads\/2025\/02\/DSC2375_retusche-1-scaled.jpg 1601w\" sizes=\"auto, (max-width: 315px) 100vw, 315px\" \/><br \/>\r\n<figure class=\"alignright size-large\"><\/figure>\r\n<\/div>\r\n<!-- \/wp:image --><\/div>\r\n<!-- \/wp:column --><\/div>\r\n<p>&nbsp;<\/p>\r\n<!-- \/wp:columns -->\r\n\r\n<!-- wp:paragraph -->\r\n<p><!-- wp:group {\"align\":\"wide\"} --><\/p>\r\n<h4 style=\"text-align: center;\"><span style=\"color: #000000;\"><span style=\"font-family: Standard; font-size: 27px;\"><em><strong>In 3 Schritten finanziell sorgenfrei in die Zukunft <\/strong><\/em><\/span><em><strong>blicken!<\/strong><\/em><\/span><br \/><br \/><\/h4>\r\n<p>Im <strong>1. Schritt<\/strong> m\u00f6chte ich Sie pers\u00f6nlich sowie wirtschaftlich kennen lernen. Danach zeige ich Ihnen verschiedene Vorsorgem\u00f6glichkeiten auf.<br \/>Sie entscheiden dann, welches Thema f\u00fcr Sie am wichtigsten ist.<\/p>\r\n<p>Im <strong>2. Schritt<\/strong> gebe ich Ihnen einen \u00dcberblick \u00fcber Ihre bestehenden Versicherungen. Danach erstelle ich unter Ber\u00fccksichtigung Ihrer individuellen W\u00fcnsche und Ziele, einen f\u00fcr Sie und auf Ihre Lebenssituation angepassten Absicherungs- und Vorsorgeplan. Ziel ist es dabei, dass Sie daf\u00fcr nicht mehr Geld als vorher investieren m\u00fcssen, aber trotzdem besser abgesichert sind.<\/p>\r\n<p>In aller Ruhe besprechen wir dann im<strong> 3. Schritt<\/strong> die f\u00fcr Sie passenden M\u00f6glichkeiten mit h\u00f6chstm\u00f6glicher Transparenz der ausgew\u00e4hlten Produkte.<\/p>\r\n<p>Vertrauensvoll begleite ich Sie gerne als Ihre Finanzberaterin in allen Finanzangelegenheiten. Ich stehe Ihnen und Ihrer Familie, solange Sie es w\u00fcnschen, mit Rat und Tat im Bereich der Existenzsicherung, Vorsorge und des Verm\u00f6gensaufbau zur Seite.<\/p>\r\n<p><a href=\"http:\/\/tandem-finanzberatung.de\/?page_id=41\"><img loading=\"lazy\" decoding=\"async\" src=\"http:\/\/tandem-finanzberatung.de\/wp-content\/uploads\/2020\/04\/DSC2352_retusche-684x1024.jpg\" alt=\"\" width=\"164\" height=\"245\" class=\"alignleft\" \/><\/a><br \/><br \/><em>Ich glaube fest daran, dass man gepaart mit guter Arbeit und kompetentem Wissen wieder Vertrauen in den Finanzmarkt aufbauen kann. Denn dieser ist f\u00fcr uns alle so unverzichtbar und wichtig.<\/em><br \/><br \/><br \/><br \/><br \/><\/p>\r\n<p style=\"text-align: center;\"><strong>Der Weg ist das Ziel!<\/strong><\/p>\r\n<p><!-- \/wp:paragraph -->\r\n\r\n<!-- wp:image {\"id\":399,\"width\":336,\"height\":110,\"sizeSlug\":\"large\"} --><\/p>\r\n<figure><img loading=\"lazy\" decoding=\"async\" src=\"http:\/\/tandem-finanzberatung.de\/wp-content\/uploads\/2020\/04\/Der-Weg-ist-das-Ziel.jpg\" alt=\"\" width=\"336\" height=\"110\" class=\"aligncenter\" \/><\/figure>\r\n<p><!-- \/wp:image -->\r\n\r\n<!-- wp:paragraph --><\/p>\r\n<p><strong>Ziel Risikoabsicherung<\/strong><\/p>\r\n<p><!-- \/wp:paragraph -->\r\n\r\n<!-- wp:list --><\/p>\r\n<ul>\r\n<li>Berufsunf\u00e4higkeitsversicherung<\/li>\r\n<li>Dread- Disease-, und Grundf\u00e4higkeitsversicherung<\/li>\r\n<li>Unfallversicherung<\/li>\r\n<li>Private Krankenversicherung<\/li>\r\n<li>Risikolebensversicherung<\/li>\r\n<li>Zusatzversicherungen f\u00fcr Zahnersatz, Krankenhaus etc.<\/li>\r\n<\/ul>\r\n<p><!-- \/wp:list -->\r\n\r\n<!-- wp:paragraph --><\/p>\r\n<p><strong>Ziel Altersvorsorge\/ Verm\u00f6gensaufbau<\/strong><\/p>\r\n<p><!-- \/wp:paragraph -->\r\n\r\n<!-- wp:list --><\/p>\r\n<ul>\r\n<li>staatlich gef\u00f6rderte Vorsorgemodelle (Riester\/ Basis-\/R\u00fcrup- Rente, betriebliche Altersvorsorge)<\/li>\r\n<li>private Rentenversicherungen<\/li>\r\n<li>Investmentfonds mit verschiedenen Risikoklassen<\/li>\r\n<\/ul>\r\n<p><!-- \/wp:list -->\r\n\r\n<!-- wp:paragraph --><\/p>\r\n<p><a href=\"https:\/\/tandem-finanzberatung.de\/?page_id=608\">Ziel Immobile als Kapitalanlage<\/a><\/p>\r\n<p><!-- \/wp:paragraph -->\r\n\r\n<!-- wp:list --><\/p>\r\n<ul>\r\n<li>Sachwert f\u00fcr die Zukunft schaffen<\/li>\r\n<li>dient dem Kapitalaufbau oder der Altersvorsorge<\/li>\r\n<\/ul>\r\n<p><!-- \/wp:list -->\r\n\r\n<!-- wp:paragraph --><!-- \/wp:paragraph --><\/p>\r\n<!-- \/wp:paragraph -->","protected":false},"excerpt":{"rendered":"<p>Es ist Zeit f\u00fcr finanzielle Unabh\u00e4ngigkeit! In Deutschland ist fast jede f\u00fcnfte Person im Rentenalter von der Altersarmut bedroht. Trotz langj\u00e4hriger Berufst\u00e4tigkeit!Um das zu vermeiden, ist eine neutrale und verst\u00e4ndliche Versicherungs- und Finanzberatung unverzichtbar! Denn noch nie war private Vorsorge so wichtig wie heute. Ich m\u00f6chte mit Ihnen Finanzen &#8211; [&hellip;]<\/p>\n","protected":false},"author":1,"featured_media":285,"parent":0,"menu_order":0,"comment_status":"closed","ping_status":"open","template":"page-templates\/template-fullwidth.php","meta":{"footnotes":""},"class_list":["post-2","page","type-page","status-publish","has-post-thumbnail","hentry"],"_links":{"self":[{"href":"https:\/\/tandem-finanzberatung.de\/index.php?rest_route=\/wp\/v2\/pages\/2","targetHints":{"allow":["GET"]}}],"collection":[{"href":"https:\/\/tandem-finanzberatung.de\/index.php?rest_route=\/wp\/v2\/pages"}],"about":[{"href":"https:\/\/tandem-finanzberatung.de\/index.php?rest_route=\/wp\/v2\/types\/page"}],"author":[{"embeddable":true,"href":"https:\/\/tandem-finanzberatung.de\/index.php?rest_route=\/wp\/v2\/users\/1"}],"replies":[{"embeddable":true,"href":"https:\/\/tandem-finanzberatung.de\/index.php?rest_route=%2Fwp%2Fv2%2Fcomments&post=2"}],"version-history":[{"count":47,"href":"https:\/\/tandem-finanzberatung.de\/index.php?rest_route=\/wp\/v2\/pages\/2\/revisions"}],"predecessor-version":[{"id":752,"href":"https:\/\/tandem-finanzberatung.de\/index.php?rest_route=\/wp\/v2\/pages\/2\/revisions\/752"}],"wp:featuredmedia":[{"embeddable":true,"href":"https:\/\/tandem-finanzberatung.de\/index.php?rest_route=\/wp\/v2\/media\/285"}],"wp:attachment":[{"href":"https:\/\/tandem-finanzberatung.de\/index.php?rest_route=%2Fwp%2Fv2%2Fmedia&parent=2"}],"curies":[{"name":"wp","href":"https:\/\/api.w.org\/{rel}","templated":true}]}}